{"id":31,"date":"2025-03-27T10:41:59","date_gmt":"2025-03-27T09:41:59","guid":{"rendered":"https:\/\/lilyspetguarderia.cc\/blog\/about\/"},"modified":"2025-05-28T13:35:00","modified_gmt":"2025-05-28T12:35:00","slug":"about","status":"publish","type":"page","link":"https:\/\/lilyspetguarderia.cc\/blog\/about\/","title":{"rendered":"Qui\u00e9nes Somos"},"content":{"rendered":"\n\n\n\n<h5><span style=\"font-weight: normal;\">Lily`s Pets Guarder\u00eda Canina nace del sue\u00f1o de una amante de los animales que decidi\u00f3 convertir su pasi\u00f3n en un hogar para perros en pleno coraz\u00f3n de Arganzuela, Madrid.<br><br>Mi nombre Lili, y desde peque\u00f1a he sentido una conexi\u00f3n muy especial con los animales. Despu\u00e9s de a\u00f1os de experiencia cuidando perros y form\u00e1ndome en su comportamiento y bienestar, decid\u00ed dar el gran paso y crear Lily`sPets: un espacio donde cada perro se sienta seguro, querido y feliz, como en casa.<br><br>Este proyecto es un emprendimiento personal, hecho con mucho esfuerzo, dedicaci\u00f3n y, sobre todo, amor. Y no estoy sola: mi compa\u00f1ero de vida y gran inspiraci\u00f3n es mi perrito Thor, quien adem\u00e1s es la imagen de LilysPets. Su energ\u00eda, nobleza y alegr\u00eda representan a la perfecci\u00f3n el esp\u00edritu de nuestra guarder\u00eda.<br><br>Lily`s Pets es una guarder\u00eda familiar especializada en el cuidado diario, alojamiento y paseos para perros de todas las razas y tama\u00f1os. Contamos con un entorno adaptado y todas las medidas necesarias para garantizar el bienestar y la diversi\u00f3n de tu peludo.<br><br>Cada perro que entra en Lily`s Pets se convierte en parte de nuestra manada. Porque sabemos lo importante que es tu perro para ti, aqu\u00ed lo cuidamos como uno m\u00e1s de la familia. <\/span><img decoding=\"async\" draggable=\"true\" role=\"img\" class=\"emoji\" alt=\"\ud83d\udc3e\" src=\"https:\/\/s.w.org\/images\/core\/emoji\/15.1.0\/svg\/1f43e.svg\"><img decoding=\"async\" draggable=\"true\" role=\"img\" class=\"emoji\" alt=\"\u2764\ufe0f\" src=\"https:\/\/s.w.org\/images\/core\/emoji\/15.1.0\/svg\/2764.svg\"><\/h5>\n\n\n\n\n<h2>Nos encontramos en&#8230;<\/h2>\n\n<h5>C. de Embajadores, 124, Arganzuela, 28045 Madrid<\/h5>\n\n\n\n\n\n\nC. de Embajadores, 124, Arganzuela, 28045 Madrid\n\n\n\n\n<h2>Galer\u00eda<\/h2>\n\n\n\n\n\n\n\n\n\n\n\n\n","protected":false},"excerpt":{"rendered":"","protected":false},"author":1,"featured_media":0,"parent":0,"menu_order":0,"comment_status":"closed","ping_status":"closed","template":"","meta":{"pagelayer_contact_templates":[],"_pagelayer_content":"","footnotes":""},"class_list":["post-31","page","type-page","status-publish","hentry"],"_links":{"self":[{"href":"https:\/\/lilyspetguarderia.cc\/blog\/wp-json\/wp\/v2\/pages\/31","targetHints":{"allow":["GET"]}}],"collection":[{"href":"https:\/\/lilyspetguarderia.cc\/blog\/wp-json\/wp\/v2\/pages"}],"about":[{"href":"https:\/\/lilyspetguarderia.cc\/blog\/wp-json\/wp\/v2\/types\/page"}],"author":[{"embeddable":true,"href":"https:\/\/lilyspetguarderia.cc\/blog\/wp-json\/wp\/v2\/users\/1"}],"replies":[{"embeddable":true,"href":"https:\/\/lilyspetguarderia.cc\/blog\/wp-json\/wp\/v2\/comments?post=31"}],"version-history":[{"count":13,"href":"https:\/\/lilyspetguarderia.cc\/blog\/wp-json\/wp\/v2\/pages\/31\/revisions"}],"predecessor-version":[{"id":401,"href":"https:\/\/lilyspetguarderia.cc\/blog\/wp-json\/wp\/v2\/pages\/31\/revisions\/401"}],"wp:attachment":[{"href":"https:\/\/lilyspetguarderia.cc\/blog\/wp-json\/wp\/v2\/media?parent=31"}],"curies":[{"name":"wp","href":"https:\/\/api.w.org\/{rel}","templated":true}]}}