{"id":45,"date":"2025-03-31T09:41:04","date_gmt":"2025-03-31T08:41:04","guid":{"rendered":"https:\/\/lilyspetguarderia.cc\/blog\/?page_id=45"},"modified":"2025-05-29T09:16:01","modified_gmt":"2025-05-29T08:16:01","slug":"politica-de-privacidad","status":"publish","type":"page","link":"https:\/\/lilyspetguarderia.cc\/blog\/politica-de-privacidad\/","title":{"rendered":"Pol\u00edtica de privacidad"},"content":{"rendered":"\n\n\n\n\n<p>De conformidad con el Reglamento General de Protecci\u00f3n de Datos (UE) 2016\/679 (RGPD), informamos que los datos personales que nos proporciones ser\u00e1n tratados de forma confidencial y utilizados exclusivamente para gestionar los servicios contratados y mantenerte informado\/a.<br><br>Puedes ejercer tus derechos de acceso, rectificaci\u00f3n, cancelaci\u00f3n y oposici\u00f3n enviando un correo a <a href=\"mailto:lianarad495@gmail.com\">lilianarad495@gmail.com<\/a><br><br>Tus datos no ser\u00e1n compartidos con terceros salvo obligaci\u00f3n legal<\/p>\n\n\n\n<p>Utilizamos cookies propias y de terceros para mejorar nuestros servicios y mostrarte publicidad relacionada con tus preferencias mediante el an\u00e1lisis de tus h\u00e1bitos de navegaci\u00f3n.<br><br>Puedes configurar tu navegador para rechazar las cookies, aunque ello podr\u00eda limitar la funcionalidad del sitio web.<br><br>Al continuar navegando por nuestra web, entendemos que aceptas el uso de cookies.<\/p>\n\n\n\n<p>.<\/p>\n\n\n\n<p>Lily&#8217;s Pets Guarder\u00eda Canina<br>C. de Embajadores, 124, Arganzuela, 28045 Madrid<br>651 841 990<\/p>\n\n\n\n<p>Al utilizar nuestro sitio web y servicios, usted acepta los t\u00e9rminos de esta Pol\u00edtica de Privacidad.<\/p>\n\n\n","protected":false},"excerpt":{"rendered":"","protected":false},"author":1,"featured_media":0,"parent":0,"menu_order":0,"comment_status":"closed","ping_status":"closed","template":"","meta":{"pagelayer_contact_templates":[],"_pagelayer_content":"","footnotes":""},"class_list":["post-45","page","type-page","status-publish","hentry"],"_links":{"self":[{"href":"https:\/\/lilyspetguarderia.cc\/blog\/wp-json\/wp\/v2\/pages\/45","targetHints":{"allow":["GET"]}}],"collection":[{"href":"https:\/\/lilyspetguarderia.cc\/blog\/wp-json\/wp\/v2\/pages"}],"about":[{"href":"https:\/\/lilyspetguarderia.cc\/blog\/wp-json\/wp\/v2\/types\/page"}],"author":[{"embeddable":true,"href":"https:\/\/lilyspetguarderia.cc\/blog\/wp-json\/wp\/v2\/users\/1"}],"replies":[{"embeddable":true,"href":"https:\/\/lilyspetguarderia.cc\/blog\/wp-json\/wp\/v2\/comments?post=45"}],"version-history":[{"count":6,"href":"https:\/\/lilyspetguarderia.cc\/blog\/wp-json\/wp\/v2\/pages\/45\/revisions"}],"predecessor-version":[{"id":379,"href":"https:\/\/lilyspetguarderia.cc\/blog\/wp-json\/wp\/v2\/pages\/45\/revisions\/379"}],"wp:attachment":[{"href":"https:\/\/lilyspetguarderia.cc\/blog\/wp-json\/wp\/v2\/media?parent=45"}],"curies":[{"name":"wp","href":"https:\/\/api.w.org\/{rel}","templated":true}]}}